{"id":889,"date":"2024-05-26T07:38:58","date_gmt":"2024-05-26T07:38:58","guid":{"rendered":"https:\/\/www.bgiegypt.com\/de\/?post_type=product&#038;p=889"},"modified":"2024-05-29T07:37:16","modified_gmt":"2024-05-29T07:37:16","slug":"silver-shower-hoses","status":"publish","type":"product","link":"https:\/\/www.bgiegypt.com\/de\/item\/silver-shower-hoses","title":{"rendered":"Silberne Duschschl\u00e4uche"},"content":{"rendered":"<p>\u2022 Hochwertiger Duschschlauch aus Kunststoff mit 1\/2&#8243; Messing-Konusmutter\/Messing-Knaufmutter mit Anti-Drall-Verdrehschutz. Dank der geschwei\u00dften Schachtelstruktur aus Nylonf\u00e4den ist dieser Duschschlauch extrem stabil. Der Duschschlauch ist nach EN 1113 und KTW gepr\u00fcft und bietet einen Berstdruck von 5 bar\/70\u00b0C. Die Zugfestigkeit dieses Duschschlauchs betr\u00e4gt 50 kg.<\/p>\n<p>Art.-Nr.: WSC125-1,25 M<br \/>\nArt.-Nr.: WSC150 &#8211; 1,50 M<br \/>\nArt.-Nr.: WSC175-1,75 M<\/p>\n","protected":false},"excerpt":{"rendered":"<p>Hochwertiger Duschschlauch aus Kunststoff mit 1\/2&#8243; Messing-Konusmutter\/Messing-Knaufmutter mit Anti-Drall-Verdrehschutz<\/p>\n","protected":false},"featured_media":890,"template":"","meta":[],"product_cat":[27],"product_tag":[],"_links":{"self":[{"href":"https:\/\/www.bgiegypt.com\/de\/wp-json\/wp\/v2\/product\/889"}],"collection":[{"href":"https:\/\/www.bgiegypt.com\/de\/wp-json\/wp\/v2\/product"}],"about":[{"href":"https:\/\/www.bgiegypt.com\/de\/wp-json\/wp\/v2\/types\/product"}],"wp:featuredmedia":[{"embeddable":true,"href":"https:\/\/www.bgiegypt.com\/de\/wp-json\/wp\/v2\/media\/890"}],"wp:attachment":[{"href":"https:\/\/www.bgiegypt.com\/de\/wp-json\/wp\/v2\/media?parent=889"}],"wp:term":[{"taxonomy":"product_cat","embeddable":true,"href":"https:\/\/www.bgiegypt.com\/de\/wp-json\/wp\/v2\/product_cat?post=889"},{"taxonomy":"product_tag","embeddable":true,"href":"https:\/\/www.bgiegypt.com\/de\/wp-json\/wp\/v2\/product_tag?post=889"}],"curies":[{"name":"wp","href":"https:\/\/api.w.org\/{rel}","templated":true}]}}