{"id":27,"date":"2024-04-28T11:08:22","date_gmt":"2024-04-28T11:08:22","guid":{"rendered":"https:\/\/www.bgiegypt.com\/de\/?page_id=27"},"modified":"2024-05-09T11:47:44","modified_gmt":"2024-05-09T11:47:44","slug":"training","status":"publish","type":"page","link":"https:\/\/www.bgiegypt.com\/de\/training","title":{"rendered":"Training"},"content":{"rendered":"<section class=\"wpb-content-wrapper\"><p>[vc_section][vc_row][vc_column width=&#8221;1\/2&#8243;][vc_column_text]<\/p>\n<h2>BGI \u00c4gypten und Produktschulungen: Installateure und Verarbeiter stets auf dem neuesten Stand halten<\/h2>\n<p>Die Sanit\u00e4r- und Ausbaugewerbe befinden sich in einem st\u00e4ndigen Wandel. Neue Technologien und Materialien kommen st\u00e4ndig auf den Markt. Um wettbewerbsf\u00e4hig zu bleiben, m\u00fcssen Installateure und Verarbeiter mit diesen Entwicklungen bestens vertraut sein. Hier kommen Unternehmen wie BGI \u00c4gypten ins Spiel, die eine entscheidende Rolle bei der Schulung und Erl\u00e4uterung von Produktspezifikationen \u00fcbernehmen.[\/vc_column_text][\/vc_column][vc_column width=&#8221;1\/2&#8243;][vc_single_image image=&#8221;631&#8243; img_size=&#8221;600&#215;280&#8243; alignment=&#8221;center&#8221;][\/vc_column][\/vc_row][\/vc_section][vc_section][vc_row][vc_column][vc_column_text]<\/p>\n<h3 style=\"text-align: center\">Die Bedeutung von Schulungen<\/h3>\n<h5 style=\"text-align: left\">Fortlaufende Schulungen bieten Installateuren und Verarbeitern zahlreiche Vorteile.<\/h5>\n<p>[\/vc_column_text][\/vc_column][\/vc_row][vc_row][vc_column width=&#8221;1\/4&#8243;]<div id=\"kapee-info-box-33415\" class=\"kapee-element kapee-info-box icon-effect-bounceup icon-simple icon-left color-scheme-inherit hover-color-scheme-inherit\">\n\t<div class=\"info-box-wrap\"  >\n\t\t<div class=\"box-icon-wrap\">\n\t\t\t\t\t\t\t<div class=\"info-box-icon\"><i class=\"fas fa-check-circle \" aria-hidden=\"true\"><\/i><\/div>\n\t\t\t\t\t<\/div>\n\t\t<div class=\"info-box-content\">\t\t\t\n\t\t\t\t\t\t\t<div class=\"info-box-title mb\" >\t\t\t\t\n\t\t\t\t\t<h4>Gesteigerte Effizienz<\/h4>\t\t\t\t\t\n\t\t\t\t<\/div>\n\t\t\t\t\t\t\t\t\t\t<div class=\"info-box-description mb\">\n\t\t\t\t\t<p>Kenntnisse \u00fcber neue Produkte und deren Installation f\u00fchren zu schnelleren Projektlaufzeiten.<\/p>\n\t\t\t\t<\/div>\n\t\t\t\t\t<\/div>\n\t<\/div>\n\t<\/div>[\/vc_column][vc_column width=&#8221;1\/4&#8243;]<div id=\"kapee-info-box-70787\" class=\"kapee-element kapee-info-box icon-effect-bounceup icon-simple icon-left color-scheme-inherit hover-color-scheme-inherit\">\n\t<div class=\"info-box-wrap\"  >\n\t\t<div class=\"box-icon-wrap\">\n\t\t\t\t\t\t\t<div class=\"info-box-icon\"><i class=\"fas fa-cogs \" aria-hidden=\"true\"><\/i><\/div>\n\t\t\t\t\t<\/div>\n\t\t<div class=\"info-box-content\">\t\t\t\n\t\t\t\t\t\t\t<div class=\"info-box-title mb\" >\t\t\t\t\n\t\t\t\t\t<h4>H\u00f6here Qualit\u00e4t<\/h4>\t\t\t\t\t\n\t\t\t\t<\/div>\n\t\t\t\t\t\t\t\t\t\t<div class=\"info-box-description mb\">\n\t\t\t\t\t<p>Richtige Schulungen stellen sicher, dass Produkte korrekt installiert und verwendet werden, wodurch Fehler und Folgearbeiten minimiert werden.<\/p>\n\t\t\t\t<\/div>\n\t\t\t\t\t<\/div>\n\t<\/div>\n\t<\/div>[\/vc_column][vc_column width=&#8221;1\/4&#8243;]<div id=\"kapee-info-box-35401\" class=\"kapee-element kapee-info-box icon-effect-bounceup icon-simple icon-left color-scheme-inherit hover-color-scheme-inherit\">\n\t<div class=\"info-box-wrap\"  >\n\t\t<div class=\"box-icon-wrap\">\n\t\t\t\t\t\t\t<div class=\"info-box-icon\"><i class=\"fas fa-user \" aria-hidden=\"true\"><\/i><\/div>\n\t\t\t\t\t<\/div>\n\t\t<div class=\"info-box-content\">\t\t\t\n\t\t\t\t\t\t\t<div class=\"info-box-title mb\" >\t\t\t\t\n\t\t\t\t\t<h4>Zufriedene Kunden<\/h4>\t\t\t\t\t\n\t\t\t\t<\/div>\n\t\t\t\t\t\t\t\t\t\t<div class=\"info-box-description mb\">\n\t\t\t\t\t<p>Kompetente Fachkr\u00e4fte k\u00f6nnen Kunden bessere Empfehlungen geben und die Produktvorteile verst\u00e4ndlich erkl\u00e4ren.<\/p>\n\t\t\t\t<\/div>\n\t\t\t\t\t<\/div>\n\t<\/div>\n\t<\/div>[\/vc_column][vc_column width=&#8221;1\/4&#8243;]<div id=\"kapee-info-box-44777\" class=\"kapee-element kapee-info-box icon-effect-bounceup icon-simple icon-left color-scheme-inherit hover-color-scheme-inherit\">\n\t<div class=\"info-box-wrap\"  >\n\t\t<div class=\"box-icon-wrap\">\n\t\t\t\t\t\t\t<div class=\"info-box-icon\"><i class=\"fas fa-lock \" aria-hidden=\"true\"><\/i><\/div>\n\t\t\t\t\t<\/div>\n\t\t<div class=\"info-box-content\">\t\t\t\n\t\t\t\t\t\t\t<div class=\"info-box-title mb\" >\t\t\t\t\n\t\t\t\t\t<h4>Sicherheitsbewusstsein<\/h4>\t\t\t\t\t\n\t\t\t\t<\/div>\n\t\t\t\t\t\t\t\t\t\t<div class=\"info-box-description mb\">\n\t\t\t\t\t<p>Schulungen befassen sich h\u00e4ufig mit Sicherheitsvorschriften f\u00fcr den Umgang mit neuen Materialien und Ger\u00e4ten.<\/p>\n\t\t\t\t<\/div>\n\t\t\t\t\t<\/div>\n\t<\/div>\n\t<\/div>[\/vc_column][\/vc_row][\/vc_section][vc_section full_width=&#8221;stretch_row&#8221; css=&#8221;.vc_custom_1715161379368{background-color: rgba(146,168,175,0.57) !important;*background-color: rgb(146,168,175) !important;}&#8221;][vc_row][vc_column][vc_column_text]<\/p>\n<h3 style=\"text-align: center\">Die Rolle von BGI \u00c4gypten<\/h3>\n<h5 style=\"text-align: left\">BGI \u00c4gypten kann ein wertvoller Partner im Prozess der kontinuierlichen Weiterbildung von Installateuren und Verarbeitern sein. So kann Ihnen BGI \u00c4gypten helfen<\/h5>\n<p>[\/vc_column_text][\/vc_column][\/vc_row][vc_row][vc_column width=&#8221;1\/2&#8243;]<div id=\"kapee-info-box-32777\" class=\"kapee-element kapee-info-box icon-effect-bounceup icon-simple icon-left color-scheme-inherit hover-color-scheme-inherit\">\n\t<div class=\"info-box-wrap\"  >\n\t\t<div class=\"box-icon-wrap\">\n\t\t\t\t\t\t\t<div class=\"info-box-icon\"><i class=\"fas fa-tasks \" aria-hidden=\"true\"><\/i><\/div>\n\t\t\t\t\t<\/div>\n\t\t<div class=\"info-box-content\">\t\t\t\n\t\t\t\t\t\t\t<div class=\"info-box-title mb\" >\t\t\t\t\n\t\t\t\t\t<h4>Produktvorf\u00fchrungen<\/h4>\t\t\t\t\t\n\t\t\t\t<\/div>\n\t\t\t\t\t\t\t\t\t\t<div class=\"info-box-description mb\">\n\t\t\t\t\t<p>BGI \u00c4gypten kann Produktvorf\u00fchrungen durchf\u00fchren, bei denen die Funktionen, Einsatzm\u00f6glichkeiten und Installationsverfahren ihrer Produkte anschaulich pr\u00e4sentiert werden.<\/p>\n\t\t\t\t<\/div>\n\t\t\t\t\t<\/div>\n\t<\/div>\n\t<\/div>[\/vc_column][vc_column width=&#8221;1\/2&#8243;]<div id=\"kapee-info-box-58733\" class=\"kapee-element kapee-info-box icon-effect-bounceup icon-simple icon-left color-scheme-inherit hover-color-scheme-inherit\">\n\t<div class=\"info-box-wrap\"  >\n\t\t<div class=\"box-icon-wrap\">\n\t\t\t\t\t\t\t<div class=\"info-box-icon\"><i class=\"fas fa-cog \" aria-hidden=\"true\"><\/i><\/div>\n\t\t\t\t\t<\/div>\n\t\t<div class=\"info-box-content\">\t\t\t\n\t\t\t\t\t\t\t<div class=\"info-box-title mb\" >\t\t\t\t\n\t\t\t\t\t<h4>Technisches Training<\/h4>\t\t\t\t\t\n\t\t\t\t<\/div>\n\t\t\t\t\t\t\t\t\t\t<div class=\"info-box-description mb\">\n\t\t\t\t\t<p>In BGI \u00c4gypten von Produktspezialisten geleitete, ausf\u00fchrliche Workshops bieten die M\u00f6glichkeit, sich intensiv mit technischen Spezifikationen, Fehlerbehebungsverfahren und Best Practices auseinanderzusetzen.<\/p>\n\t\t\t\t<\/div>\n\t\t\t\t\t<\/div>\n\t<\/div>\n\t<\/div>[\/vc_column][\/vc_row][vc_row][vc_column width=&#8221;1\/2&#8243;]<div id=\"kapee-info-box-28772\" class=\"kapee-element kapee-info-box icon-effect-bounceup icon-simple icon-left color-scheme-inherit hover-color-scheme-inherit\">\n\t<div class=\"info-box-wrap\"  >\n\t\t<div class=\"box-icon-wrap\">\n\t\t\t\t\t\t\t<div class=\"info-box-icon\"><i class=\"fas fa-globe \" aria-hidden=\"true\"><\/i><\/div>\n\t\t\t\t\t<\/div>\n\t\t<div class=\"info-box-content\">\t\t\t\n\t\t\t\t\t\t\t<div class=\"info-box-title mb\" >\t\t\t\t\n\t\t\t\t\t<h4>Unterrichtsmaterialien<\/h4>\t\t\t\t\t\n\t\t\t\t<\/div>\n\t\t\t\t\t\t\t\t\t\t<div class=\"info-box-description mb\">\n\t\t\t\t\t<p>BGI \u00c4gypten bietet Ihnen klare, pr\u00e4gnante und leicht verst\u00e4ndliche Handb\u00fccher, Brosch\u00fcren und sogar Online-Tutorials zur Unterst\u00fctzung des kontinuierlichen Lernens.<\/p>\n\t\t\t\t<\/div>\n\t\t\t\t\t<\/div>\n\t<\/div>\n\t<\/div>[\/vc_column][vc_column width=&#8221;1\/2&#8243;]<div id=\"kapee-info-box-52412\" class=\"kapee-element kapee-info-box icon-effect-bounceup icon-simple icon-left color-scheme-inherit hover-color-scheme-inherit\">\n\t<div class=\"info-box-wrap\"  >\n\t\t<div class=\"box-icon-wrap\">\n\t\t\t\t\t\t\t<div class=\"info-box-icon\"><i class=\"far fa-list-alt \" aria-hidden=\"true\"><\/i><\/div>\n\t\t\t\t\t<\/div>\n\t\t<div class=\"info-box-content\">\t\t\t\n\t\t\t\t\t\t\t<div class=\"info-box-title mb\" >\t\t\t\t\n\t\t\t\t\t<h4>Weiterbildungsprogramme<\/h4>\t\t\t\t\t\n\t\t\t\t<\/div>\n\t\t\t\t\t\t\t\t\t\t<div class=\"info-box-description mb\">\n\t\t\t\t\t<p>Regelm\u00e4\u00dfige Workshops und Seminare halten Fachkr\u00e4fte \u00fcber die neuesten Branchentrends und Produktinnovationen auf dem Laufenden<\/p>\n\t\t\t\t<\/div>\n\t\t\t\t\t<\/div>\n\t<\/div>\n\t<\/div>[\/vc_column][\/vc_row][\/vc_section][vc_section][vc_row][vc_column][vc_column_text]<\/p>\n<h3 style=\"text-align: center\">Vorteile f\u00fcr Installateure und Verarbeiter<\/h3>\n<h5 style=\"text-align: left\">Durch die Partnerschaft mit BGI \u00c4gypten f\u00fcr Schulungen erhalten Installateure und Verarbeitungsbetriebe Zugang zu wertvollem Wissen und Ressourcen. Das bedeutet konkret:<\/h5>\n<p>[\/vc_column_text][\/vc_column][\/vc_row][vc_row][vc_column width=&#8221;1\/3&#8243;]<div id=\"kapee-info-box-38461\" class=\"kapee-element kapee-info-box icon-effect-bounceup icon-simple icon-left color-scheme-inherit hover-color-scheme-inherit\">\n\t<div class=\"info-box-wrap\"  >\n\t\t<div class=\"box-icon-wrap\">\n\t\t\t\t\t\t\t<div class=\"info-box-icon\"><i class=\"fas fa-check-double \" aria-hidden=\"true\"><\/i><\/div>\n\t\t\t\t\t<\/div>\n\t\t<div class=\"info-box-content\">\t\t\t\n\t\t\t\t\t\t\t<div class=\"info-box-title mb\" >\t\t\t\t\n\t\t\t\t\t<h4>Gesteigertes Selbstvertrauen<\/h4>\t\t\t\t\t\n\t\t\t\t<\/div>\n\t\t\t\t\t\t\t\t\t\t<div class=\"info-box-description mb\">\n\t\t\t\t\t<p>Fundierte Kenntnisse der BGI \u00c4gypten Produkte erm\u00f6glichen es Fachleuten, Projekte souver\u00e4n anzugehen.<\/p>\n\t\t\t\t<\/div>\n\t\t\t\t\t<\/div>\n\t<\/div>\n\t<\/div>[\/vc_column][vc_column width=&#8221;1\/3&#8243;]<div id=\"kapee-info-box-31527\" class=\"kapee-element kapee-info-box icon-effect-bounceup icon-simple icon-left color-scheme-inherit hover-color-scheme-inherit\">\n\t<div class=\"info-box-wrap\"  >\n\t\t<div class=\"box-icon-wrap\">\n\t\t\t\t\t\t\t<div class=\"info-box-icon\"><i class=\"far fa-chart-bar \" aria-hidden=\"true\"><\/i><\/div>\n\t\t\t\t\t<\/div>\n\t\t<div class=\"info-box-content\">\t\t\t\n\t\t\t\t\t\t\t<div class=\"info-box-title mb\" >\t\t\t\t\n\t\t\t\t\t<h4>Erweitertes Dienstleistungsangebot<\/h4>\t\t\t\t\t\n\t\t\t\t<\/div>\n\t\t\t\t\t\t\t\t\t\t<div class=\"info-box-description mb\">\n\t\t\t\t\t<p>Mit einem breiteren Wissensspektrum k\u00f6nnen Unternehmen ihren Kunden ein gr\u00f6\u00dferes Leistungsspektrum anbieten.<\/p>\n\t\t\t\t<\/div>\n\t\t\t\t\t<\/div>\n\t<\/div>\n\t<\/div>[\/vc_column][vc_column width=&#8221;1\/3&#8243;]<div id=\"kapee-info-box-34286\" class=\"kapee-element kapee-info-box icon-effect-bounceup icon-simple icon-left color-scheme-inherit hover-color-scheme-inherit\">\n\t<div class=\"info-box-wrap\"  >\n\t\t<div class=\"box-icon-wrap\">\n\t\t\t\t\t\t\t<div class=\"info-box-icon\"><i class=\"fas fa-chart-line \" aria-hidden=\"true\"><\/i><\/div>\n\t\t\t\t\t<\/div>\n\t\t<div class=\"info-box-content\">\t\t\t\n\t\t\t\t\t\t\t<div class=\"info-box-title mb\" >\t\t\t\t\n\t\t\t\t\t<h4>Wettbewerbsvorteil<\/h4>\t\t\t\t\t\n\t\t\t\t<\/div>\n\t\t\t\t\t\t\t\t\t\t<div class=\"info-box-description mb\">\n\t\t\t\t\t<p>Mit fundiertem Know-how \u00fcber die innovativen Produkte von BGI \u00c4gypten k\u00f6nnen sich Unternehmen von der Konkurrenz abheben.<\/p>\n\t\t\t\t<\/div>\n\t\t\t\t\t<\/div>\n\t<\/div>\n\t<\/div>[\/vc_column][\/vc_row][\/vc_section][vc_section][vc_row][vc_column][vc_column_text]Im heutigen dynamischen Markt sind kontinuierliche Schulungen f\u00fcr Installateure und Verarbeiter unerl\u00e4sslich. Durch die Partnerschaft mit BGI \u00c4gypten k\u00f6nnen diese Fachleute den neuesten Entwicklungen stets einen Schritt voraus sein, ihre F\u00e4higkeiten verbessern und ihren Kunden so letztendlich einen hervorragenden Service bieten.[\/vc_column_text][\/vc_column][\/vc_row][\/vc_section]<\/p>\n<\/section>","protected":false},"excerpt":{"rendered":"<p>[vc_section][vc_row][vc_column width=&#8221;1\/2&#8243;][vc_column_text] BGI \u00c4gypten und Produktschulungen: Installateure und Verarbeiter stets auf dem neuesten Stand halten Die Sanit\u00e4r- und Ausbaugewerbe befinden sich in einem st\u00e4ndigen Wandel. Neue Technologien und Materialien kommen<\/p>\n","protected":false},"author":2,"featured_media":0,"parent":0,"menu_order":0,"comment_status":"closed","ping_status":"closed","template":"","meta":{"footnotes":""},"_links":{"self":[{"href":"https:\/\/www.bgiegypt.com\/de\/wp-json\/wp\/v2\/pages\/27"}],"collection":[{"href":"https:\/\/www.bgiegypt.com\/de\/wp-json\/wp\/v2\/pages"}],"about":[{"href":"https:\/\/www.bgiegypt.com\/de\/wp-json\/wp\/v2\/types\/page"}],"author":[{"embeddable":true,"href":"https:\/\/www.bgiegypt.com\/de\/wp-json\/wp\/v2\/users\/2"}],"replies":[{"embeddable":true,"href":"https:\/\/www.bgiegypt.com\/de\/wp-json\/wp\/v2\/comments?post=27"}],"version-history":[{"count":25,"href":"https:\/\/www.bgiegypt.com\/de\/wp-json\/wp\/v2\/pages\/27\/revisions"}],"predecessor-version":[{"id":707,"href":"https:\/\/www.bgiegypt.com\/de\/wp-json\/wp\/v2\/pages\/27\/revisions\/707"}],"wp:attachment":[{"href":"https:\/\/www.bgiegypt.com\/de\/wp-json\/wp\/v2\/media?parent=27"}],"curies":[{"name":"wp","href":"https:\/\/api.w.org\/{rel}","templated":true}]}}