{"id":15,"date":"2024-04-28T11:05:27","date_gmt":"2024-04-28T11:05:27","guid":{"rendered":"https:\/\/www.bgiegypt.com\/de\/?page_id=15"},"modified":"2024-06-27T09:39:36","modified_gmt":"2024-06-27T09:39:36","slug":"about-us","status":"publish","type":"page","link":"https:\/\/www.bgiegypt.com\/de\/about-us","title":{"rendered":"\u00dcber uns"},"content":{"rendered":"<section class=\"wpb-content-wrapper\"><p>[vc_section][vc_row][vc_column width=&#8221;1\/2&#8243;][vc_column_text]<\/p>\n<h4>BGI \u00c4gypten &#8211; Sanit\u00e4re Einrichtungen Made in Germany<\/h4>\n<p>Wir sind ein leidenschaftliches Team, das sich zum Ziel gesetzt hat, Ihnen die besten Produkte deutscher Wertarbeit anzubieten. Qualit\u00e4t steht f\u00fcr uns an erster Stelle, deshalb haben wir uns mit BGI zusammengeschlossen, einem renommierten deutschen Hersteller, der f\u00fcr seinen kompromisslosen Einsatz f\u00fcr Spitzenleistungen bekannt ist.<\/p>\n<h5>Das BGI-Erbe: Ingenieurspr\u00e4zision, auf die Sie sich verlassen k\u00f6nnen<\/h5>\n<p>BGI blickt auf eine lange und erfolgreiche Firmengeschichte in Deutschland zur\u00fcck. Das Unternehmen gr\u00fcndet sich auf strikte Ingenieurprinzipien und akribische Handwerkskunst. Die Produkte werden mit meticulous Sorgfalt entworfen und unter Verwendung hochwertigster Materialien gefertigt.[\/vc_column_text][\/vc_column][vc_column width=&#8221;1\/2&#8243;][vc_single_image image=&#8221;663&#8243; img_size=&#8221;600&#215;400&#8243; alignment=&#8221;right&#8221;][\/vc_column][\/vc_row][vc_row full_width=&#8221;stretch_row&#8221; css=&#8221;.vc_custom_1714560055914{background-color: rgba(146,168,175,0.57) !important;*background-color: rgb(146,168,175) !important;}&#8221;][vc_column][vc_column_text]<\/p>\n<h2 style=\"text-align: center\"><span style=\"color: #000000\">Warum sich f\u00fcr Produkte aus Deutschland entscheiden?<\/span><\/h2>\n<p>[\/vc_column_text][\/vc_column][\/vc_row][vc_row full_width=&#8221;stretch_row&#8221; css=&#8221;.vc_custom_1714560083474{background-color: rgba(146,168,175,0.57) !important;*background-color: rgb(146,168,175) !important;}&#8221;][vc_column width=&#8221;1\/3&#8243;]<div id=\"kapee-info-box-17856\" class=\"kapee-element kapee-info-box icon-effect-bounceup icon-simple icon-left color-scheme-inherit hover-color-scheme-inherit\">\n\t<div class=\"info-box-wrap\"  >\n\t\t<div class=\"box-icon-wrap\">\n\t\t\t\t\t\t\t<div class=\"info-box-icon\"><i class=\"fas fa-lightbulb \" aria-hidden=\"true\"><\/i><\/div>\n\t\t\t\t\t<\/div>\n\t\t<div class=\"info-box-content\">\t\t\t\n\t\t\t\t\t\t\t<div class=\"info-box-title mb\" >\t\t\t\t\n\t\t\t\t\t<h3>Deutliche Qualit\u00e4t<\/h3>\t\t\t\t\t\n\t\t\t\t<\/div>\n\t\t\t\t\t\t\t\t\t\t<div class=\"info-box-description mb\">\n\t\t\t\t\t<p>Deutsche Ingenieurskunst steht seit jeher f\u00fcr h\u00f6chste Qualit\u00e4t. BGI Produkte werden nach strengsten Ma\u00dfst\u00e4ben gefertigt und garantieren Ihnen eine zuverl\u00e4ssige und langlebige Investition<\/p>\n\t\t\t\t<\/div>\n\t\t\t\t\t<\/div>\n\t<\/div>\n\t<\/div>[\/vc_column][vc_column width=&#8221;1\/3&#8243;]<div id=\"kapee-info-box-97686\" class=\"kapee-element kapee-info-box icon-effect-bounceup icon-simple icon-left color-scheme-inherit hover-color-scheme-inherit\">\n\t<div class=\"info-box-wrap\"  >\n\t\t<div class=\"box-icon-wrap\">\n\t\t\t\t\t\t\t<div class=\"info-box-icon\"><i class=\"fas fa-cog \" aria-hidden=\"true\"><\/i><\/div>\n\t\t\t\t\t<\/div>\n\t\t<div class=\"info-box-content\">\t\t\t\n\t\t\t\t\t\t\t<div class=\"info-box-title mb\" >\t\t\t\t\n\t\t\t\t\t<h3>Fortschrittliche Innovation<\/h3>\t\t\t\t\t\n\t\t\t\t<\/div>\n\t\t\t\t\t\t\t\t\t\t<div class=\"info-box-description mb\">\n\t\t\t\t\t<p>Deutsche Hersteller sind bei technologischen Entwicklungen f\u00fchrend. BGI Produkte integrieren die neuesten Innovationen und bieten dadurch \u00fcberragende Funktionalit\u00e4t und Effizienz.<\/p>\n\t\t\t\t<\/div>\n\t\t\t\t\t<\/div>\n\t<\/div>\n\t<\/div>[\/vc_column][vc_column width=&#8221;1\/3&#8243;]<div id=\"kapee-info-box-50247\" class=\"kapee-element kapee-info-box icon-effect-bounceup icon-simple icon-left color-scheme-inherit hover-color-scheme-inherit\">\n\t<div class=\"info-box-wrap\"  >\n\t\t<div class=\"box-icon-wrap\">\n\t\t\t\t\t\t\t<div class=\"info-box-icon\"><i class=\"fas fa-user \" aria-hidden=\"true\"><\/i><\/div>\n\t\t\t\t\t<\/div>\n\t\t<div class=\"info-box-content\">\t\t\t\n\t\t\t\t\t\t\t<div class=\"info-box-title mb\" >\t\t\t\t\n\t\t\t\t\t<h3>Un\u00fcbertroffene Pr\u00e4zision<\/h3>\t\t\t\t\t\n\t\t\t\t<\/div>\n\t\t\t\t\t\t\t\t\t\t<div class=\"info-box-description mb\">\n\t\t\t\t\t<p>Deutsche Handwerkskunst ist f\u00fcr ihre akribische Liebe zum Detail bekannt. BGI Produkte werden mit h\u00f6chster Pr\u00e4zision gefertigt und garantieren dadurch eine au\u00dfergew\u00f6hnliche Leistung und Benutzerfreundlichkeit.<\/p>\n\t\t\t\t<\/div>\n\t\t\t\t\t<\/div>\n\t<\/div>\n\t<\/div>[\/vc_column][\/vc_row][\/vc_section][vc_section css=&#8221;.vc_custom_1714559904481{margin-top: 40px !important;}&#8221;][vc_row][vc_column width=&#8221;1\/2&#8243;][vc_single_image image=&#8221;1025&#8243; img_size=&#8221;600&#215;320&#8243;][\/vc_column][vc_column width=&#8221;1\/2&#8243;][vc_column_text]<\/p>\n<h4>Unser Versprechen an Sie<\/h4>\n<p>Bei BGI teilen wir die unersch\u00fctterliche Hingabe von BGI zu Qualit\u00e4t und Innovation. Wir verpflichten uns, Ihnen einen au\u00dfergew\u00f6hnlichen Kundenservice zu bieten und sorgen so f\u00fcr ein reibungsloses und problemloses Erlebnis.<\/p>\n<h5>Ein Wort unseres Gesch\u00e4ftsf\u00fchrers<\/h5>\n<p>\u201eWir freuen uns sehr, der exklusive Vertriebspartner von BGI in \u00c4gypten zu sein. Bei BGI glauben wir, dass jeder Zugang zum Besten verdient. Indem wir deutsche Qualit\u00e4t nach \u00c4gypten bringen, m\u00f6chten wir unsere Kunden mit Produkten ausstatten, die nicht nur zuverl\u00e4ssig sind, sondern auch ihr Leben verbessern. Wir freuen uns auf die Zusammenarbeit mit Ihnen und darauf, Ihre Erwartungen zu \u00fcbertreffen.\u201c<\/p>\n<p>Amr Zakaria[\/vc_column_text][\/vc_column][\/vc_row][\/vc_section]<\/p>\n<\/section>","protected":false},"excerpt":{"rendered":"<p>[vc_section][vc_row][vc_column width=&#8221;1\/2&#8243;][vc_column_text] BGI \u00c4gypten &#8211; Sanit\u00e4re Einrichtungen Made in Germany Wir sind ein leidenschaftliches Team, das sich zum Ziel gesetzt hat, Ihnen die besten Produkte deutscher Wertarbeit anzubieten. Qualit\u00e4t steht<\/p>\n","protected":false},"author":2,"featured_media":0,"parent":0,"menu_order":0,"comment_status":"closed","ping_status":"closed","template":"","meta":{"footnotes":""},"_links":{"self":[{"href":"https:\/\/www.bgiegypt.com\/de\/wp-json\/wp\/v2\/pages\/15"}],"collection":[{"href":"https:\/\/www.bgiegypt.com\/de\/wp-json\/wp\/v2\/pages"}],"about":[{"href":"https:\/\/www.bgiegypt.com\/de\/wp-json\/wp\/v2\/types\/page"}],"author":[{"embeddable":true,"href":"https:\/\/www.bgiegypt.com\/de\/wp-json\/wp\/v2\/users\/2"}],"replies":[{"embeddable":true,"href":"https:\/\/www.bgiegypt.com\/de\/wp-json\/wp\/v2\/comments?post=15"}],"version-history":[{"count":30,"href":"https:\/\/www.bgiegypt.com\/de\/wp-json\/wp\/v2\/pages\/15\/revisions"}],"predecessor-version":[{"id":1027,"href":"https:\/\/www.bgiegypt.com\/de\/wp-json\/wp\/v2\/pages\/15\/revisions\/1027"}],"wp:attachment":[{"href":"https:\/\/www.bgiegypt.com\/de\/wp-json\/wp\/v2\/media?parent=15"}],"curies":[{"name":"wp","href":"https:\/\/api.w.org\/{rel}","templated":true}]}}